{"id":13,"date":"2023-01-31T07:19:19","date_gmt":"2023-01-31T07:19:19","guid":{"rendered":"https:\/\/umsboats.fi\/?page_id=13"},"modified":"2023-06-12T15:35:30","modified_gmt":"2023-06-12T12:35:30","slug":"startsida","status":"publish","type":"page","link":"https:\/\/umsboats.fi\/fi\/","title":{"rendered":"UMS Boats &#8211; Aluminiumb\u00e5tar av h\u00f6gsta kvalitet f\u00f6r en b\u00e4ttre upplevelse p\u00e5 sj\u00f6n"},"content":{"rendered":"<p>Tervetuloa UMS-veneiden pariin - t\u00e4ysalumiiniveneiden laadun, teknologian ja toimivuuden maailmaan! Olemme ylpeit\u00e4 voidessamme tarjota sinulle varmasti yhden markkinoiden laadukkaimmista alumiiniveneist\u00e4. 100 % alumiinirakenteen ja edistyksellisen teknologian ansiosta veneemme ovat vahvoja, kest\u00e4vi\u00e4 ja suunniteltuja tarjoamaan tasaisen ja taloudellisen ajokokemuksen. Veneiss\u00e4 on joukosta erottuvia k\u00e4yt\u00e4nn\u00f6n ratkaisuja, ja vankasta rakenteesta huolimatta ulkomuoto on viimeistelty ja tyylik\u00e4s. Olithan aikeissa viett\u00e4\u00e4 perhelomaa tai l\u00e4hd\u00f6ss\u00e4 todelliselle kalastusmatkalle, veneemme ovat t\u00e4ydellinen valinta. Tutustu valikoimaamme ja <a href=\"https:\/\/umsboats.fi\/fi\/ota-yhteytta\/\">ota yhteytt\u00e4<\/a> jo t\u00e4n\u00e4\u00e4n saadaksesi lis\u00e4tietoja veneist\u00e4mme! Kerromme mielell\u00e4mme lis\u00e4\u00e4, ja autamme sinua l\u00f6yt\u00e4m\u00e4\u00e4n juuri sinun k\u00e4ytt\u00f6\u00f6si soveltuvan veneen laajasta valikoimastamme.<\/p>","protected":false},"excerpt":{"rendered":"<p>V\u00e4lkommen till UMS Boats &#8211; en v\u00e4rld av kvalitet, teknologi och funktionalitet! Vi \u00e4r stolta \u00f6ver att erbjuda dig den b\u00e4sta kvalitetsb\u00e5ten p\u00e5 finska marknaden. Med 100% aluminiumkonstruktion och avancerad teknologi \u00e4r v\u00e5ra b\u00e5tar starka, h\u00e5llbara och utformade f\u00f6r att ge en smidig och ekonomisk k\u00f6rupplevelse. Oavsett om du \u00e4r ute efter en familjesemester eller [&hellip;]<\/p>","protected":false},"author":1,"featured_media":1173,"parent":0,"menu_order":0,"comment_status":"closed","ping_status":"closed","template":"start.php","meta":{"footnotes":""},"class_list":["post-13","page","type-page","status-publish","has-post-thumbnail","hentry"],"yoast_head":"<!-- This site is optimized with the Yoast SEO plugin v22.5 - https:\/\/yoast.com\/wordpress\/plugins\/seo\/ -->\n<title>UMS Boats - Aluminiumb\u00e5tar av h\u00f6g kvalitet | UMS boats Finland<\/title>\n<meta name=\"description\" content=\"Uppt\u00e4ck UMS Boats \u2013 ledande b\u00e5ttillverkare med innovativ design och h\u00f6gkvalitativa aluminiumb\u00e5tar f\u00f6r enast\u00e5ende prestanda p\u00e5 sj\u00f6n.\" \/>\n<meta name=\"robots\" content=\"index, follow, max-snippet:-1, max-image-preview:large, max-video-preview:-1\" \/>\n<link rel=\"canonical\" href=\"https:\/\/umsboats.fi\/fi\/\" \/>\n<meta property=\"og:locale\" content=\"fi_FI\" \/>\n<meta property=\"og:type\" content=\"article\" \/>\n<meta property=\"og:title\" content=\"UMS Boats - Aluminiumb\u00e5tar av h\u00f6g kvalitet | UMS boats Finland\" \/>\n<meta property=\"og:description\" content=\"Uppt\u00e4ck UMS Boats \u2013 ledande b\u00e5ttillverkare med innovativ design och h\u00f6gkvalitativa aluminiumb\u00e5tar f\u00f6r enast\u00e5ende prestanda p\u00e5 sj\u00f6n.\" \/>\n<meta property=\"og:url\" content=\"https:\/\/umsboats.fi\/fi\/\" \/>\n<meta property=\"og:site_name\" content=\"UMS boats Finland\" \/>\n<meta property=\"article:publisher\" content=\"https:\/\/www.facebook.com\/100089245574206\" \/>\n<meta property=\"article:modified_time\" content=\"2023-06-12T12:35:30+00:00\" \/>\n<meta property=\"og:image\" content=\"https:\/\/umsboats.fi\/wp-content\/uploads\/2023\/06\/ums-social-default.jpg\" \/>\n\t<meta property=\"og:image:width\" content=\"1920\" \/>\n\t<meta property=\"og:image:height\" content=\"1008\" \/>\n\t<meta property=\"og:image:type\" content=\"image\/jpeg\" \/>\n<meta name=\"twitter:card\" content=\"summary_large_image\" \/>\n<meta name=\"twitter:label1\" content=\"Arvioitu lukuaika\" \/>\n\t<meta name=\"twitter:data1\" content=\"1 minuutti\" \/>\n<script type=\"application\/ld+json\" class=\"yoast-schema-graph\">{\"@context\":\"https:\/\/schema.org\",\"@graph\":[{\"@type\":\"WebPage\",\"@id\":\"https:\/\/umsboats.fi\/fi\/\",\"url\":\"https:\/\/umsboats.fi\/fi\/\",\"name\":\"UMS Boats - Aluminiumb\u00e5tar av h\u00f6g kvalitet | UMS boats Finland\",\"isPartOf\":{\"@id\":\"https:\/\/umsboats.fi\/#website\"},\"primaryImageOfPage\":{\"@id\":\"https:\/\/umsboats.fi\/fi\/#primaryimage\"},\"image\":{\"@id\":\"https:\/\/umsboats.fi\/fi\/#primaryimage\"},\"thumbnailUrl\":\"https:\/\/umsboats.fi\/wp-content\/uploads\/2023\/06\/ums-social-default.jpg\",\"datePublished\":\"2023-01-31T07:19:19+00:00\",\"dateModified\":\"2023-06-12T12:35:30+00:00\",\"description\":\"Uppt\u00e4ck UMS Boats \u2013 ledande b\u00e5ttillverkare med innovativ design och h\u00f6gkvalitativa aluminiumb\u00e5tar f\u00f6r enast\u00e5ende prestanda p\u00e5 sj\u00f6n.\",\"breadcrumb\":{\"@id\":\"https:\/\/umsboats.fi\/fi\/#breadcrumb\"},\"inLanguage\":\"fi\",\"potentialAction\":[{\"@type\":\"ReadAction\",\"target\":[\"https:\/\/umsboats.fi\/fi\/\"]}]},{\"@type\":\"ImageObject\",\"inLanguage\":\"fi\",\"@id\":\"https:\/\/umsboats.fi\/fi\/#primaryimage\",\"url\":\"https:\/\/umsboats.fi\/wp-content\/uploads\/2023\/06\/ums-social-default.jpg\",\"contentUrl\":\"https:\/\/umsboats.fi\/wp-content\/uploads\/2023\/06\/ums-social-default.jpg\",\"width\":1920,\"height\":1008,\"caption\":\"UMS Boats aluminium b\u00e5t\"},{\"@type\":\"BreadcrumbList\",\"@id\":\"https:\/\/umsboats.fi\/fi\/#breadcrumb\",\"itemListElement\":[{\"@type\":\"ListItem\",\"position\":1,\"name\":\"Hem\",\"item\":\"https:\/\/umsboats.fi\/fi\/\"},{\"@type\":\"ListItem\",\"position\":2,\"name\":\"UMS Boats &#8211; Aluminiumb\u00e5tar av h\u00f6gsta kvalitet f\u00f6r en b\u00e4ttre upplevelse p\u00e5 sj\u00f6n\"}]},{\"@type\":\"WebSite\",\"@id\":\"https:\/\/umsboats.fi\/#website\",\"url\":\"https:\/\/umsboats.fi\/\",\"name\":\"UMS boats Finland\",\"description\":\"Aluminiumb\u00e5tar av h\u00f6gsta kvalitet\",\"publisher\":{\"@id\":\"https:\/\/umsboats.fi\/#organization\"},\"alternateName\":\"UMS\",\"potentialAction\":[{\"@type\":\"SearchAction\",\"target\":{\"@type\":\"EntryPoint\",\"urlTemplate\":\"https:\/\/umsboats.fi\/?s={search_term_string}\"},\"query-input\":\"required name=search_term_string\"}],\"inLanguage\":\"fi\"},{\"@type\":\"Organization\",\"@id\":\"https:\/\/umsboats.fi\/#organization\",\"name\":\"UMS Boats Finland\",\"alternateName\":\"UMS\",\"url\":\"https:\/\/umsboats.fi\/\",\"logo\":{\"@type\":\"ImageObject\",\"inLanguage\":\"fi\",\"@id\":\"https:\/\/umsboats.fi\/#\/schema\/logo\/image\/\",\"url\":\"https:\/\/umsboats.fi\/wp-content\/uploads\/2023\/06\/ums-round2.png\",\"contentUrl\":\"https:\/\/umsboats.fi\/wp-content\/uploads\/2023\/06\/ums-round2.png\",\"width\":512,\"height\":512,\"caption\":\"UMS Boats Finland\"},\"image\":{\"@id\":\"https:\/\/umsboats.fi\/#\/schema\/logo\/image\/\"},\"sameAs\":[\"https:\/\/www.facebook.com\/100089245574206\",\"https:\/\/instagram.com\/umsboatsfi\/\"]}]}<\/script>\n<!-- \/ Yoast SEO plugin. -->","yoast_head_json":{"title":"UMS Boats - Aluminiumb\u00e5tar av h\u00f6g kvalitet | UMS boats Finland","description":"Uppt\u00e4ck UMS Boats \u2013 ledande b\u00e5ttillverkare med innovativ design och h\u00f6gkvalitativa aluminiumb\u00e5tar f\u00f6r enast\u00e5ende prestanda p\u00e5 sj\u00f6n.","robots":{"index":"index","follow":"follow","max-snippet":"max-snippet:-1","max-image-preview":"max-image-preview:large","max-video-preview":"max-video-preview:-1"},"canonical":"https:\/\/umsboats.fi\/fi\/","og_locale":"fi_FI","og_type":"article","og_title":"UMS Boats - Aluminiumb\u00e5tar av h\u00f6g kvalitet | UMS boats Finland","og_description":"Uppt\u00e4ck UMS Boats \u2013 ledande b\u00e5ttillverkare med innovativ design och h\u00f6gkvalitativa aluminiumb\u00e5tar f\u00f6r enast\u00e5ende prestanda p\u00e5 sj\u00f6n.","og_url":"https:\/\/umsboats.fi\/fi\/","og_site_name":"UMS boats Finland","article_publisher":"https:\/\/www.facebook.com\/100089245574206","article_modified_time":"2023-06-12T12:35:30+00:00","og_image":[{"width":1920,"height":1008,"url":"https:\/\/umsboats.fi\/wp-content\/uploads\/2023\/06\/ums-social-default.jpg","type":"image\/jpeg"}],"twitter_card":"summary_large_image","twitter_misc":{"Arvioitu lukuaika":"1 minuutti"},"schema":{"@context":"https:\/\/schema.org","@graph":[{"@type":"WebPage","@id":"https:\/\/umsboats.fi\/fi\/","url":"https:\/\/umsboats.fi\/fi\/","name":"UMS Boats - Aluminiumb\u00e5tar av h\u00f6g kvalitet | UMS boats Finland","isPartOf":{"@id":"https:\/\/umsboats.fi\/#website"},"primaryImageOfPage":{"@id":"https:\/\/umsboats.fi\/fi\/#primaryimage"},"image":{"@id":"https:\/\/umsboats.fi\/fi\/#primaryimage"},"thumbnailUrl":"https:\/\/umsboats.fi\/wp-content\/uploads\/2023\/06\/ums-social-default.jpg","datePublished":"2023-01-31T07:19:19+00:00","dateModified":"2023-06-12T12:35:30+00:00","description":"Uppt\u00e4ck UMS Boats \u2013 ledande b\u00e5ttillverkare med innovativ design och h\u00f6gkvalitativa aluminiumb\u00e5tar f\u00f6r enast\u00e5ende prestanda p\u00e5 sj\u00f6n.","breadcrumb":{"@id":"https:\/\/umsboats.fi\/fi\/#breadcrumb"},"inLanguage":"fi","potentialAction":[{"@type":"ReadAction","target":["https:\/\/umsboats.fi\/fi\/"]}]},{"@type":"ImageObject","inLanguage":"fi","@id":"https:\/\/umsboats.fi\/fi\/#primaryimage","url":"https:\/\/umsboats.fi\/wp-content\/uploads\/2023\/06\/ums-social-default.jpg","contentUrl":"https:\/\/umsboats.fi\/wp-content\/uploads\/2023\/06\/ums-social-default.jpg","width":1920,"height":1008,"caption":"UMS Boats aluminium b\u00e5t"},{"@type":"BreadcrumbList","@id":"https:\/\/umsboats.fi\/fi\/#breadcrumb","itemListElement":[{"@type":"ListItem","position":1,"name":"Hem","item":"https:\/\/umsboats.fi\/fi\/"},{"@type":"ListItem","position":2,"name":"UMS Boats &#8211; Aluminiumb\u00e5tar av h\u00f6gsta kvalitet f\u00f6r en b\u00e4ttre upplevelse p\u00e5 sj\u00f6n"}]},{"@type":"WebSite","@id":"https:\/\/umsboats.fi\/#website","url":"https:\/\/umsboats.fi\/","name":"UMS boats Finland","description":"Aluminiumb\u00e5tar av h\u00f6gsta kvalitet","publisher":{"@id":"https:\/\/umsboats.fi\/#organization"},"alternateName":"UMS","potentialAction":[{"@type":"SearchAction","target":{"@type":"EntryPoint","urlTemplate":"https:\/\/umsboats.fi\/?s={search_term_string}"},"query-input":"required name=search_term_string"}],"inLanguage":"fi"},{"@type":"Organization","@id":"https:\/\/umsboats.fi\/#organization","name":"UMS Boats Finland","alternateName":"UMS","url":"https:\/\/umsboats.fi\/","logo":{"@type":"ImageObject","inLanguage":"fi","@id":"https:\/\/umsboats.fi\/#\/schema\/logo\/image\/","url":"https:\/\/umsboats.fi\/wp-content\/uploads\/2023\/06\/ums-round2.png","contentUrl":"https:\/\/umsboats.fi\/wp-content\/uploads\/2023\/06\/ums-round2.png","width":512,"height":512,"caption":"UMS Boats Finland"},"image":{"@id":"https:\/\/umsboats.fi\/#\/schema\/logo\/image\/"},"sameAs":["https:\/\/www.facebook.com\/100089245574206","https:\/\/instagram.com\/umsboatsfi\/"]}]}},"_links":{"self":[{"href":"https:\/\/umsboats.fi\/fi\/wp-json\/wp\/v2\/pages\/13","targetHints":{"allow":["GET"]}}],"collection":[{"href":"https:\/\/umsboats.fi\/fi\/wp-json\/wp\/v2\/pages"}],"about":[{"href":"https:\/\/umsboats.fi\/fi\/wp-json\/wp\/v2\/types\/page"}],"author":[{"embeddable":true,"href":"https:\/\/umsboats.fi\/fi\/wp-json\/wp\/v2\/users\/1"}],"replies":[{"embeddable":true,"href":"https:\/\/umsboats.fi\/fi\/wp-json\/wp\/v2\/comments?post=13"}],"version-history":[{"count":1,"href":"https:\/\/umsboats.fi\/fi\/wp-json\/wp\/v2\/pages\/13\/revisions"}],"predecessor-version":[{"id":1193,"href":"https:\/\/umsboats.fi\/fi\/wp-json\/wp\/v2\/pages\/13\/revisions\/1193"}],"wp:featuredmedia":[{"embeddable":true,"href":"https:\/\/umsboats.fi\/fi\/wp-json\/wp\/v2\/media\/1173"}],"wp:attachment":[{"href":"https:\/\/umsboats.fi\/fi\/wp-json\/wp\/v2\/media?parent=13"}],"curies":[{"name":"wp","href":"https:\/\/api.w.org\/{rel}","templated":true}]}}