{"id":38,"date":"2023-02-03T21:22:00","date_gmt":"2023-02-03T21:22:00","guid":{"rendered":"https:\/\/umsboats.fi\/?page_id=38"},"modified":"2024-02-24T01:22:45","modified_gmt":"2024-02-23T22:22:45","slug":"om-ums","status":"publish","type":"page","link":"https:\/\/umsboats.fi\/fi\/tietoja-ums\/","title":{"rendered":"Tietoja UMS:st\u00e4"},"content":{"rendered":"<p>UMS Boats on yksi Ukrainan johtavista venevalmistajista, ja sill\u00e4 on vahva asema Euroopan markkinoilla. UMS Boatsilla on yli 20 vuoden kokemus veneiden rakennuksesta, ja he ovat vakiinnuttaneet asemansa innovatiivisena ja luotettavana korkealaatuisten alumiiniveneiden valmistajana.<\/p>\n\n\n\n<p>UMS esittelee ylpe\u00e4sti laajan valikoiman t\u00e4ysalumiiniveneit\u00e4, kuten <a href=\"https:\/\/umsboats.fi\/fi\/cabin\/\">Cabin<\/a>, <a href=\"https:\/\/umsboats.fi\/fi\/center-console\/\">Center Console<\/a>, <a href=\"https:\/\/umsboats.fi\/fi\/bowrider\/\">Bowrider<\/a> ja <a href=\"https:\/\/umsboats.fi\/fi\/fishing\/\">Fishing<\/a>-sarjat. Jokainen malli on huolellisesti suunniteltu vastaamaan sek\u00e4 ammattilaisten ett\u00e4 huviveneilij\u00f6iden vaativia tarpeita. Olipa kyseess\u00e4 sitten kalastus, yhteysvene, vesiurheilu tai rentoutuminen merell\u00e4, UMS-veneiden joukosta l\u00f6ytyy juuri sinun tarpeisiisi sopiva vaihtoehto.<\/p>\n\n\n\n<p>UMS k\u00e4ytt\u00e4\u00e4 edistynytt\u00e4 teknologiaa sek\u00e4 korkealaatuisia materiaaleja veneiden valmistuksessa, tarjotakseen k\u00e4ytt\u00f6varmoja, kest\u00e4vi\u00e4 sek\u00e4 turvallisia ja merikelpoisia veneit\u00e4. UMS veneiden todellinen signatuuri l\u00f6ytyy huolellisesti suunnitelluista rungoista: Aina v\u00e4hint\u00e4\u00e4n 4mm vahvasta alumiinista hitsattu runko, jossa on muuttuva pohjan kulmaus, antavat veneelle k\u00e4sitelt\u00e4vyytt\u00e4, paremman kulun, vakautta ja merikelpoisuutta joka varmasti erottuu joukosta. Jokaisessa veneess\u00e4 on mukavat istuinpaikat, k\u00e4yt\u00e4nn\u00f6lliset s\u00e4ilytystilat, sek\u00e4 alan viimeisint\u00e4 tekniikkaa joka mahdollistaa veneilyn helppouden ja hauskuuden.<\/p>\n\n\n\n<p>Kiitos UMS veneiden korkeiden laatustandardien sek\u00e4 huolellisten valmistusprosessien, ovat veneet saavuttaneet erinomaisen maineen markkinoilla. Ne eiv\u00e4t ole ainoastaan tunnettuja luotettavuudestaan ja suorituskyvyst\u00e4\u00e4n, vaan my\u00f6s viimeistellyst\u00e4 ulkomuodostaan vankasta rakenteestaan huolimatta.<\/p>\n\n\n\n<p>UMS Boats etsii jatkuvasti uusia tapoja parantaa veneit\u00e4\u00e4n ja toimittaa korkealaatuisia tuotteita asiakkailleen. Niiden sitoutuminen innovaatioihin ja asiakastyytyv\u00e4isyyteen on tehnyt niist\u00e4 yhden Euroopan arvostetuimmista venevalmistajista.<\/p>\n\n\n\n<h2 class=\"wp-block-heading mt-5\">Miksi sinun pit\u00e4isi valita UMS Boats?<\/h2>\n\n\n\n<p>Alla on listattuna yhdeks\u00e4n syyt\u00e4, miksi sinun kannattaa valita UMS-vene:<\/p>\n\n\n\n<h3 class=\"wp-block-heading mt-4\">1. Tasainen ja taloudellinen ajo<\/h3>\n\n\n\n<p>UMS veneiden tarkka ja geometrinen suunnittelu mahdollistaa sujuvan matkan hyvill\u00e4 nopeusominaisuuksilla. Ter\u00e4v\u00e4mpi k\u00f6li veneen keskell\u00e4 tarjoaa leikkaavuutta aaltoihin, kun taas loivempi pohjan kulmaus per\u00e4ss\u00e4 antaa vakautta paikoillaan oltaessa. Yhdess\u00e4 n\u00e4m\u00e4 ominaisuudet antavat veneelle enemm\u00e4n nostetta ja k\u00e4sitelt\u00e4vyytt\u00e4 sek\u00e4 v\u00e4hent\u00e4v\u00e4t polttoaineen kulutusta. Esimerkiksi <a href=\"https:\/\/umsboats.fi\/fi\/bowrider\/ums-585-dc\/\">UMS 585DC<\/a> :n pohjan kulma on 18 astetta per\u00e4ss\u00e4 ja 24 astetta veneen keskell\u00e4.<\/p>\n\n\n\n<h3 class=\"wp-block-heading mt-4\">2. Alumiini<\/h3>\n\n\n\n<p>K\u00e4yt\u00e4mme valmistuksessa korkealaatuista alumiiniseosta 5083 H111. Seos on tunnettu magnesiumlis\u00e4aineesta, joka parantaa alumiinin ominaisuuksia. Kyseist\u00e4 alumiiniseosta kutsutaan my\u00f6s \"merialumiiniksi\", sen erinomaisen korroosionkest\u00e4vyyden vuoksi, kovissakin olosuhteissa. Alumiini tuotetaan Norjassa, norjalaisen yhti\u00f6n Hydro -toimesta. T\u00e4m\u00e4 takaa tasaisen ja erinomaisen laadun alumiinissa.<\/p>\n\n\n\n<h3 class=\"wp-block-heading mt-4\">3. 100 % alumiinia, ei orgaanisia aineita<\/h3>\n\n\n\n<p>Veneen lujuus ja ennen kaikkea kest\u00e4vyys saavutetaan sill\u00e4, ettei sen rakenteessa ole puu- tai muovielementtej\u00e4.<\/p>\n\n\n\n<h3 class=\"wp-block-heading mt-4\">4. Nano - pidennetty kiilto<\/h3>\n\n\n\n<p>Nanopassivointi on kemiallinen k\u00e4sittely alumiinin hapettumista vastaan, joka antaa metallille lis\u00e4suojan ja ennenn\u00e4kem\u00e4tt\u00f6m\u00e4n kiillon. K\u00e4sittelyn j\u00e4lkeen pinnalla on vett\u00e4 hylkiv\u00e4 vaikutus ja korkea kiilto, joka on samankaltainen kuin maalik\u00e4sittelyss\u00e4, mutta huomattavasti kest\u00e4v\u00e4mpi. Koko veneen nanopassivointi vaatii paljon aikaa ja t\u00e4ysin p\u00f6lytt\u00f6m\u00e4n ymp\u00e4rist\u00f6n, joten tarjoamme nanopassivointia lis\u00e4varusteena.<\/p>\n\n\n\n<h3 class=\"wp-block-heading mt-4\">5. Negatiivinen kulma \"inverted chine\"<\/h3>\n\n\n\n<p>Kaikissa UMS-veneiss\u00e4 on niin sanottu \"negatiivinen kulma\". T\u00e4m\u00e4 tarkoittaa, ett\u00e4 rungon uloimmassa osassa on k\u00e4\u00e4nteinen kulma. T\u00e4m\u00e4 tarjoaa useita etuja, kuten paremman pidon k\u00e4\u00e4nnytt\u00e4ess\u00e4, v\u00e4hemm\u00e4n veden roiskumista veneeseen, paremman vakauden niin vauhdissa kuin paikoillaan oltaessa.<\/p>\n\n\n\n<h3 class=\"wp-block-heading mt-4\">6. Per\u00e4peili<\/h3>\n\n\n\n<p>Moottoriveneiss\u00e4 on tyypillisesti plaanauskynnys, jossa vene nousee per\u00e4st\u00e4 ennen plaanausnopeuden saavuttamista. UMS on lis\u00e4nnyt per\u00e4n kallistuskulmaa 19 asteeseen, mik\u00e4 tarjoaa moottorille tasapainoisemman asennon runkoon n\u00e4hden ja minimoi plaanauskynnyksen, edist\u00e4en veneen nousua helposti plaaniin.<\/p>\n\n\n\n<h3 class=\"wp-block-heading mt-4\">7. Alumiiniveneen valmistustekniikka<\/h3>\n\n\n\n<p>Kaikki UMS:n veneet valmistetaan erikoisjigeiss\u00e4, joissa erilliset alumiiniosat kootaan ennen yhteen hitsaamista. T\u00e4m\u00e4 tuotantomenetelm\u00e4 vie enemm\u00e4n aikaa kuin muut, mutta varmistaa, ett\u00e4 lopputulos on aina t\u00e4ydellinen, tasainen ja ilman j\u00e4nnitteit\u00e4 rungossa. T\u00e4m\u00e4n j\u00e4lkeen kaikki pitkitt\u00e4is- ja poikittaisvahvikkeet rakennetaan rungon sis\u00e4\u00e4n. Ne antavat veneelle valtavan j\u00e4ykkyyden ja lujuuden. Lopuksi runko t\u00e4ytet\u00e4\u00e4n kelluvilla elementeill\u00e4, jotka my\u00f6s vaimentavat rungon \u00e4\u00e4ni\u00e4.<\/p>\n\n\n\n<h3 class=\"wp-block-heading mt-4\">8. Kalastusv\u00e4lineiden kiinnitykset<\/h3>\n\n\n\n<p>Suurimmassa osassa veneist\u00e4 on vakiovarusteena sis\u00e4laidassa niin kutsuttu C-profiili, johon voi kiinnitt\u00e4\u00e4 useiden valmistajien lis\u00e4varusteita, kuten vapatelineit\u00e4, pidikkeit\u00e4 kameralle, n\u00e4yt\u00f6ille tai muuta vastaavaa, ilman ett\u00e4 runkoon tarvitsee porata uusia reiki\u00e4.<\/p>\n\n\n\n<h3 class=\"wp-block-heading mt-4\">9. SunDeck\/FishDeck<\/h3>\n\n\n\n<p>Nyt voit tilata kokoontaitettavan alustan auringonottoa tai kalastusta varten, muihinkin kuin heittokalastusveneisiin. Kun sit\u00e4 ei k\u00e4ytet\u00e4, sen voi varastoida ja avata milloin tahansa tarvittaessa. T\u00e4ydellinen ratkaisu, jos haluat monipuolisen veneen. Sen avulla voit l\u00e4hte\u00e4 lomalle perheen kanssa tai kalastamaan yst\u00e4vien kanssa.<\/p>","protected":false},"excerpt":{"rendered":"<p>UMS Boats \u00e4r en av de ledande b\u00e5ttillverkarna i Ukraina och har en stark n\u00e4rvaro p\u00e5 den europeiska marknaden. Med mer \u00e4n 20 \u00e5rs erfarenhet av b\u00e5tbyggnad, har UMS Boats etablerat sig som en innovativ och p\u00e5litlig tillverkare av h\u00f6gkvalitativa b\u00e5tar. UMS Boats \u00e4r stolt \u00f6ver att erbjuda ett brett utbud av aluminiumb\u00e5tar, inklusive Cabin, [&hellip;]<\/p>","protected":false},"author":1,"featured_media":1178,"parent":0,"menu_order":0,"comment_status":"closed","ping_status":"closed","template":"","meta":{"footnotes":""},"class_list":["post-38","page","type-page","status-publish","has-post-thumbnail","hentry"],"yoast_head":"<!-- This site is optimized with the Yoast SEO plugin v22.5 - https:\/\/yoast.com\/wordpress\/plugins\/seo\/ -->\n<title>Om UMS | UMS boats Finland<\/title>\n<meta name=\"description\" content=\"UMS Boats - Ledande b\u00e5ttillverkare i Ukraina och Europa. H\u00f6gkvalitativa b\u00e5tar med innovativ design och p\u00e5litlig prestanda. Uppt\u00e4ck UMS i dag!\" \/>\n<meta name=\"robots\" content=\"index, follow, max-snippet:-1, max-image-preview:large, max-video-preview:-1\" \/>\n<link rel=\"canonical\" href=\"https:\/\/umsboats.fi\/fi\/tietoja-ums\/\" \/>\n<meta property=\"og:locale\" content=\"fi_FI\" \/>\n<meta property=\"og:type\" content=\"article\" \/>\n<meta property=\"og:title\" content=\"Om UMS | UMS boats Finland\" \/>\n<meta property=\"og:description\" content=\"UMS Boats - Ledande b\u00e5ttillverkare i Ukraina och Europa. H\u00f6gkvalitativa b\u00e5tar med innovativ design och p\u00e5litlig prestanda. Uppt\u00e4ck UMS i dag!\" \/>\n<meta property=\"og:url\" content=\"https:\/\/umsboats.fi\/fi\/tietoja-ums\/\" \/>\n<meta property=\"og:site_name\" content=\"UMS boats Finland\" \/>\n<meta property=\"article:publisher\" content=\"https:\/\/www.facebook.com\/100089245574206\" \/>\n<meta property=\"article:modified_time\" content=\"2024-02-23T22:22:45+00:00\" \/>\n<meta property=\"og:image\" content=\"https:\/\/umsboats.fi\/wp-content\/uploads\/2023\/06\/ren7836.jpg\" \/>\n\t<meta property=\"og:image:width\" content=\"1600\" \/>\n\t<meta property=\"og:image:height\" content=\"1068\" \/>\n\t<meta property=\"og:image:type\" content=\"image\/jpeg\" \/>\n<meta name=\"twitter:card\" content=\"summary_large_image\" \/>\n<meta name=\"twitter:label1\" content=\"Arvioitu lukuaika\" \/>\n\t<meta name=\"twitter:data1\" content=\"4 minuuttia\" \/>\n<script type=\"application\/ld+json\" class=\"yoast-schema-graph\">{\"@context\":\"https:\/\/schema.org\",\"@graph\":[{\"@type\":\"WebPage\",\"@id\":\"https:\/\/umsboats.fi\/tietoja-ums\/\",\"url\":\"https:\/\/umsboats.fi\/tietoja-ums\/\",\"name\":\"Om UMS | UMS boats Finland\",\"isPartOf\":{\"@id\":\"https:\/\/umsboats.fi\/#website\"},\"primaryImageOfPage\":{\"@id\":\"https:\/\/umsboats.fi\/tietoja-ums\/#primaryimage\"},\"image\":{\"@id\":\"https:\/\/umsboats.fi\/tietoja-ums\/#primaryimage\"},\"thumbnailUrl\":\"https:\/\/umsboats.fi\/wp-content\/uploads\/2023\/06\/ren7836.jpg\",\"datePublished\":\"2023-02-03T21:22:00+00:00\",\"dateModified\":\"2024-02-23T22:22:45+00:00\",\"description\":\"UMS Boats - Ledande b\u00e5ttillverkare i Ukraina och Europa. H\u00f6gkvalitativa b\u00e5tar med innovativ design och p\u00e5litlig prestanda. Uppt\u00e4ck UMS i dag!\",\"breadcrumb\":{\"@id\":\"https:\/\/umsboats.fi\/tietoja-ums\/#breadcrumb\"},\"inLanguage\":\"fi\",\"potentialAction\":[{\"@type\":\"ReadAction\",\"target\":[\"https:\/\/umsboats.fi\/tietoja-ums\/\"]}]},{\"@type\":\"ImageObject\",\"inLanguage\":\"fi\",\"@id\":\"https:\/\/umsboats.fi\/tietoja-ums\/#primaryimage\",\"url\":\"https:\/\/umsboats.fi\/wp-content\/uploads\/2023\/06\/ren7836.jpg\",\"contentUrl\":\"https:\/\/umsboats.fi\/wp-content\/uploads\/2023\/06\/ren7836.jpg\",\"width\":1600,\"height\":1068,\"caption\":\"UMS b\u00e5t p\u00e5 havet\"},{\"@type\":\"BreadcrumbList\",\"@id\":\"https:\/\/umsboats.fi\/tietoja-ums\/#breadcrumb\",\"itemListElement\":[{\"@type\":\"ListItem\",\"position\":1,\"name\":\"Hem\",\"item\":\"https:\/\/umsboats.fi\/fi\/\"},{\"@type\":\"ListItem\",\"position\":2,\"name\":\"Om UMS\"}]},{\"@type\":\"WebSite\",\"@id\":\"https:\/\/umsboats.fi\/#website\",\"url\":\"https:\/\/umsboats.fi\/\",\"name\":\"UMS boats Finland\",\"description\":\"Aluminiumb\u00e5tar av h\u00f6gsta kvalitet\",\"publisher\":{\"@id\":\"https:\/\/umsboats.fi\/#organization\"},\"alternateName\":\"UMS\",\"potentialAction\":[{\"@type\":\"SearchAction\",\"target\":{\"@type\":\"EntryPoint\",\"urlTemplate\":\"https:\/\/umsboats.fi\/?s={search_term_string}\"},\"query-input\":\"required name=search_term_string\"}],\"inLanguage\":\"fi\"},{\"@type\":\"Organization\",\"@id\":\"https:\/\/umsboats.fi\/#organization\",\"name\":\"UMS Boats Finland\",\"alternateName\":\"UMS\",\"url\":\"https:\/\/umsboats.fi\/\",\"logo\":{\"@type\":\"ImageObject\",\"inLanguage\":\"fi\",\"@id\":\"https:\/\/umsboats.fi\/#\/schema\/logo\/image\/\",\"url\":\"https:\/\/umsboats.fi\/wp-content\/uploads\/2023\/06\/ums-round2.png\",\"contentUrl\":\"https:\/\/umsboats.fi\/wp-content\/uploads\/2023\/06\/ums-round2.png\",\"width\":512,\"height\":512,\"caption\":\"UMS Boats Finland\"},\"image\":{\"@id\":\"https:\/\/umsboats.fi\/#\/schema\/logo\/image\/\"},\"sameAs\":[\"https:\/\/www.facebook.com\/100089245574206\",\"https:\/\/instagram.com\/umsboatsfi\/\"]}]}<\/script>\n<!-- \/ Yoast SEO plugin. -->","yoast_head_json":{"title":"Om UMS | UMS boats Finland","description":"UMS Boats - Ledande b\u00e5ttillverkare i Ukraina och Europa. H\u00f6gkvalitativa b\u00e5tar med innovativ design och p\u00e5litlig prestanda. Uppt\u00e4ck UMS i dag!","robots":{"index":"index","follow":"follow","max-snippet":"max-snippet:-1","max-image-preview":"max-image-preview:large","max-video-preview":"max-video-preview:-1"},"canonical":"https:\/\/umsboats.fi\/fi\/tietoja-ums\/","og_locale":"fi_FI","og_type":"article","og_title":"Om UMS | UMS boats Finland","og_description":"UMS Boats - Ledande b\u00e5ttillverkare i Ukraina och Europa. H\u00f6gkvalitativa b\u00e5tar med innovativ design och p\u00e5litlig prestanda. Uppt\u00e4ck UMS i dag!","og_url":"https:\/\/umsboats.fi\/fi\/tietoja-ums\/","og_site_name":"UMS boats Finland","article_publisher":"https:\/\/www.facebook.com\/100089245574206","article_modified_time":"2024-02-23T22:22:45+00:00","og_image":[{"width":1600,"height":1068,"url":"https:\/\/umsboats.fi\/wp-content\/uploads\/2023\/06\/ren7836.jpg","type":"image\/jpeg"}],"twitter_card":"summary_large_image","twitter_misc":{"Arvioitu lukuaika":"4 minuuttia"},"schema":{"@context":"https:\/\/schema.org","@graph":[{"@type":"WebPage","@id":"https:\/\/umsboats.fi\/tietoja-ums\/","url":"https:\/\/umsboats.fi\/tietoja-ums\/","name":"Om UMS | UMS boats Finland","isPartOf":{"@id":"https:\/\/umsboats.fi\/#website"},"primaryImageOfPage":{"@id":"https:\/\/umsboats.fi\/tietoja-ums\/#primaryimage"},"image":{"@id":"https:\/\/umsboats.fi\/tietoja-ums\/#primaryimage"},"thumbnailUrl":"https:\/\/umsboats.fi\/wp-content\/uploads\/2023\/06\/ren7836.jpg","datePublished":"2023-02-03T21:22:00+00:00","dateModified":"2024-02-23T22:22:45+00:00","description":"UMS Boats - Ledande b\u00e5ttillverkare i Ukraina och Europa. H\u00f6gkvalitativa b\u00e5tar med innovativ design och p\u00e5litlig prestanda. Uppt\u00e4ck UMS i dag!","breadcrumb":{"@id":"https:\/\/umsboats.fi\/tietoja-ums\/#breadcrumb"},"inLanguage":"fi","potentialAction":[{"@type":"ReadAction","target":["https:\/\/umsboats.fi\/tietoja-ums\/"]}]},{"@type":"ImageObject","inLanguage":"fi","@id":"https:\/\/umsboats.fi\/tietoja-ums\/#primaryimage","url":"https:\/\/umsboats.fi\/wp-content\/uploads\/2023\/06\/ren7836.jpg","contentUrl":"https:\/\/umsboats.fi\/wp-content\/uploads\/2023\/06\/ren7836.jpg","width":1600,"height":1068,"caption":"UMS b\u00e5t p\u00e5 havet"},{"@type":"BreadcrumbList","@id":"https:\/\/umsboats.fi\/tietoja-ums\/#breadcrumb","itemListElement":[{"@type":"ListItem","position":1,"name":"Hem","item":"https:\/\/umsboats.fi\/fi\/"},{"@type":"ListItem","position":2,"name":"Om UMS"}]},{"@type":"WebSite","@id":"https:\/\/umsboats.fi\/#website","url":"https:\/\/umsboats.fi\/","name":"UMS boats Finland","description":"Aluminiumb\u00e5tar av h\u00f6gsta kvalitet","publisher":{"@id":"https:\/\/umsboats.fi\/#organization"},"alternateName":"UMS","potentialAction":[{"@type":"SearchAction","target":{"@type":"EntryPoint","urlTemplate":"https:\/\/umsboats.fi\/?s={search_term_string}"},"query-input":"required name=search_term_string"}],"inLanguage":"fi"},{"@type":"Organization","@id":"https:\/\/umsboats.fi\/#organization","name":"UMS Boats Finland","alternateName":"UMS","url":"https:\/\/umsboats.fi\/","logo":{"@type":"ImageObject","inLanguage":"fi","@id":"https:\/\/umsboats.fi\/#\/schema\/logo\/image\/","url":"https:\/\/umsboats.fi\/wp-content\/uploads\/2023\/06\/ums-round2.png","contentUrl":"https:\/\/umsboats.fi\/wp-content\/uploads\/2023\/06\/ums-round2.png","width":512,"height":512,"caption":"UMS Boats Finland"},"image":{"@id":"https:\/\/umsboats.fi\/#\/schema\/logo\/image\/"},"sameAs":["https:\/\/www.facebook.com\/100089245574206","https:\/\/instagram.com\/umsboatsfi\/"]}]}},"_links":{"self":[{"href":"https:\/\/umsboats.fi\/fi\/wp-json\/wp\/v2\/pages\/38","targetHints":{"allow":["GET"]}}],"collection":[{"href":"https:\/\/umsboats.fi\/fi\/wp-json\/wp\/v2\/pages"}],"about":[{"href":"https:\/\/umsboats.fi\/fi\/wp-json\/wp\/v2\/types\/page"}],"author":[{"embeddable":true,"href":"https:\/\/umsboats.fi\/fi\/wp-json\/wp\/v2\/users\/1"}],"replies":[{"embeddable":true,"href":"https:\/\/umsboats.fi\/fi\/wp-json\/wp\/v2\/comments?post=38"}],"version-history":[{"count":5,"href":"https:\/\/umsboats.fi\/fi\/wp-json\/wp\/v2\/pages\/38\/revisions"}],"predecessor-version":[{"id":1204,"href":"https:\/\/umsboats.fi\/fi\/wp-json\/wp\/v2\/pages\/38\/revisions\/1204"}],"wp:featuredmedia":[{"embeddable":true,"href":"https:\/\/umsboats.fi\/fi\/wp-json\/wp\/v2\/media\/1178"}],"wp:attachment":[{"href":"https:\/\/umsboats.fi\/fi\/wp-json\/wp\/v2\/media?parent=38"}],"curies":[{"name":"wp","href":"https:\/\/api.w.org\/{rel}","templated":true}]}}