{"id":42,"date":"2023-02-03T21:40:12","date_gmt":"2023-02-03T21:40:12","guid":{"rendered":"https:\/\/umsboats.fi\/?page_id=42"},"modified":"2023-06-12T16:31:33","modified_gmt":"2023-06-12T13:31:33","slug":"kontakta-oss","status":"publish","type":"page","link":"https:\/\/umsboats.fi\/fi\/ota-yhteytta\/","title":{"rendered":"Ota yhteytt\u00e4"},"content":{"rendered":"<p>\u00c4l\u00e4 ep\u00e4roi ottaa meihin yhteytt\u00e4, mik\u00e4li sinulla on kysymyksi\u00e4, mietteit\u00e4 tai palautetta meid\u00e4n <a href=\"https:\/\/umsboats.fi\/fi\/tietoja-ums\/\">b\u00e5tar<\/a> veneist\u00e4 tai palveluista. Meid\u00e4n on aina ilo olla avuksi ja kerromme aina mielell\u00e4mme lis\u00e4\u00e4 n\u00e4ist\u00e4 veneist\u00e4. Tavoitat meid\u00e4t puhelimitse tai s\u00e4hk\u00f6postin v\u00e4lityksell\u00e4, tai t\u00e4ytt\u00e4m\u00e4ll\u00e4 alla olevan lomakkeen. Toivottavasti kuulemme sinusta pian!<\/p>\n\n\n\n<div class=\"wpcf7 no-js\" id=\"wpcf7-f106-o1\" lang=\"sv-SE\" dir=\"ltr\">\n<div class=\"screen-reader-response\"><p role=\"status\" aria-live=\"polite\" aria-atomic=\"true\"><\/p> <ul><\/ul><\/div>\n<form action=\"\/fi\/wp-json\/wp\/v2\/pages\/42#wpcf7-f106-o1\" method=\"post\" class=\"wpcf7-form init\" aria-label=\"Kontaktformul\u00e4r\" novalidate=\"novalidate\" data-status=\"init\" data-trp-original-action=\"\/fi\/wp-json\/wp\/v2\/pages\/42#wpcf7-f106-o1\">\n<div style=\"display: none;\">\n<input type=\"hidden\" name=\"_wpcf7\" value=\"106\" \/>\n<input type=\"hidden\" name=\"_wpcf7_version\" value=\"5.9.3\" \/>\n<input type=\"hidden\" name=\"_wpcf7_locale\" value=\"sv_SE\" \/>\n<input type=\"hidden\" name=\"_wpcf7_unit_tag\" value=\"wpcf7-f106-o1\" \/>\n<input type=\"hidden\" name=\"_wpcf7_container_post\" value=\"0\" \/>\n<input type=\"hidden\" name=\"_wpcf7_posted_data_hash\" value=\"\" \/>\n<input type=\"hidden\" name=\"_wpcf7_recaptcha_response\" value=\"\" \/>\n<\/div>\n<div class=\"mt-5\">\n\t<div>\n\t\t<p><label for=\"your-name\" class=\"form-label\">Nimesi<\/label><br \/>\n<span class=\"wpcf7-form-control-wrap\" data-name=\"your-name\"><input size=\"40\" class=\"wpcf7-form-control wpcf7-text wpcf7-validates-as-required form-control\" autocomplete=\"name\" aria-required=\"true\" aria-invalid=\"false\" value=\"\" type=\"text\" name=\"your-name\" \/><\/span>\n\t\t<\/p>\n\t<\/div>\n\t<div class=\"mt-3\">\n\t\t<p><label for=\"your-email\" class=\"form-label\">S\u00e4hk\u00f6postisi<\/label><br \/>\n<span class=\"wpcf7-form-control-wrap\" data-name=\"your-email\"><input size=\"40\" class=\"wpcf7-form-control wpcf7-email wpcf7-validates-as-required wpcf7-text wpcf7-validates-as-email form-control\" autocomplete=\"email\" aria-required=\"true\" aria-invalid=\"false\" value=\"\" type=\"email\" name=\"your-email\" \/><\/span>\n\t\t<\/p>\n\t<\/div>\n\t<div class=\"mt-3\">\n\t\t<p><label for=\"your-subject\" class=\"form-label\">Aihe<\/label><br \/>\n<span class=\"wpcf7-form-control-wrap\" data-name=\"your-subject\"><input size=\"40\" class=\"wpcf7-form-control wpcf7-text wpcf7-validates-as-required form-control\" aria-required=\"true\" aria-invalid=\"false\" value=\"\" type=\"text\" name=\"your-subject\" \/><\/span>\n\t\t<\/p>\n\t<\/div>\n\t<div class=\"mt-3 mb-3\">\n\t\t<p><label for=\"your-message\" class=\"form-label\">Viesti<\/label><br \/>\n<span class=\"wpcf7-form-control-wrap\" data-name=\"your-message\"><textarea cols=\"40\" rows=\"10\" class=\"wpcf7-form-control wpcf7-textarea form-control\" aria-invalid=\"false\" name=\"your-message\"><\/textarea><\/span>\n\t\t<\/p>\n\t<\/div>\n\t<p><input class=\"wpcf7-form-control wpcf7-submit has-spinner btn btn-primary\" type=\"submit\" value=\"L\u00e4het\u00e4\" \/>\n\t<\/p>\n<\/div><div class=\"wpcf7-response-output\" aria-hidden=\"true\"><\/div>\n<input type=\"hidden\" name=\"trp-form-language\" value=\"fi\"\/><\/form>\n<\/div>","protected":false},"excerpt":{"rendered":"<p>Tveka inte att kontakta oss om du har n\u00e5gra fr\u00e5gor, funderingar eller feedback ang\u00e5ende v\u00e5ra b\u00e5tar och tj\u00e4nster. Vi \u00e4r alltid glada att hj\u00e4lpa till och svara p\u00e5 dina fr\u00e5gor. Du kan n\u00e5 oss via telefon eller e-post, eller genom att fylla i formul\u00e4ret nedan. Vi ser fram emot att h\u00f6ra fr\u00e5n dig!<\/p>","protected":false},"author":1,"featured_media":1188,"parent":0,"menu_order":0,"comment_status":"closed","ping_status":"closed","template":"","meta":{"footnotes":""},"class_list":["post-42","page","type-page","status-publish","has-post-thumbnail","hentry"],"yoast_head":"<!-- This site is optimized with the Yoast SEO plugin v22.5 - https:\/\/yoast.com\/wordpress\/plugins\/seo\/ -->\n<title>Kontakta oss | UMS boats Finland<\/title>\n<meta name=\"description\" content=\"Tveka inte att kontakta oss om du har n\u00e5gra fr\u00e5gor, funderingar eller feedback ang\u00e5ende v\u00e5ra b\u00e5tar och tj\u00e4nster.\" \/>\n<meta name=\"robots\" content=\"index, follow, max-snippet:-1, max-image-preview:large, max-video-preview:-1\" \/>\n<link rel=\"canonical\" href=\"https:\/\/umsboats.fi\/fi\/ota-yhteytta\/\" \/>\n<meta property=\"og:locale\" content=\"fi_FI\" \/>\n<meta property=\"og:type\" content=\"article\" \/>\n<meta property=\"og:title\" content=\"Kontakta oss | UMS boats Finland\" \/>\n<meta property=\"og:description\" content=\"Tveka inte att kontakta oss om du har n\u00e5gra fr\u00e5gor, funderingar eller feedback ang\u00e5ende v\u00e5ra b\u00e5tar och tj\u00e4nster.\" \/>\n<meta property=\"og:url\" content=\"https:\/\/umsboats.fi\/fi\/ota-yhteytta\/\" \/>\n<meta property=\"og:site_name\" content=\"UMS boats Finland\" \/>\n<meta property=\"article:publisher\" content=\"https:\/\/www.facebook.com\/100089245574206\" \/>\n<meta property=\"article:modified_time\" content=\"2023-06-12T13:31:33+00:00\" \/>\n<meta property=\"og:image\" content=\"https:\/\/umsboats.fi\/wp-content\/uploads\/2023\/06\/pexels-pixabay-270376.jpg\" \/>\n\t<meta property=\"og:image:width\" content=\"1919\" \/>\n\t<meta property=\"og:image:height\" content=\"1267\" \/>\n\t<meta property=\"og:image:type\" content=\"image\/jpeg\" \/>\n<meta name=\"twitter:card\" content=\"summary_large_image\" \/>\n<meta name=\"twitter:label1\" content=\"Arvioitu lukuaika\" \/>\n\t<meta name=\"twitter:data1\" content=\"1 minuutti\" \/>\n<script type=\"application\/ld+json\" class=\"yoast-schema-graph\">{\"@context\":\"https:\/\/schema.org\",\"@graph\":[{\"@type\":\"WebPage\",\"@id\":\"http:\/\/umsboats.fi\/sv\/kontakta-oss\/\",\"url\":\"http:\/\/umsboats.fi\/sv\/kontakta-oss\/\",\"name\":\"Kontakta oss | UMS boats Finland\",\"isPartOf\":{\"@id\":\"https:\/\/umsboats.fi\/#website\"},\"primaryImageOfPage\":{\"@id\":\"http:\/\/umsboats.fi\/sv\/kontakta-oss\/#primaryimage\"},\"image\":{\"@id\":\"http:\/\/umsboats.fi\/sv\/kontakta-oss\/#primaryimage\"},\"thumbnailUrl\":\"https:\/\/umsboats.fi\/wp-content\/uploads\/2023\/06\/pexels-pixabay-270376.jpg\",\"datePublished\":\"2023-02-03T21:40:12+00:00\",\"dateModified\":\"2023-06-12T13:31:33+00:00\",\"description\":\"Tveka inte att kontakta oss om du har n\u00e5gra fr\u00e5gor, funderingar eller feedback ang\u00e5ende v\u00e5ra b\u00e5tar och tj\u00e4nster.\",\"breadcrumb\":{\"@id\":\"http:\/\/umsboats.fi\/sv\/kontakta-oss\/#breadcrumb\"},\"inLanguage\":\"fi\",\"potentialAction\":[{\"@type\":\"ReadAction\",\"target\":[\"http:\/\/umsboats.fi\/sv\/kontakta-oss\/\"]}]},{\"@type\":\"ImageObject\",\"inLanguage\":\"fi\",\"@id\":\"http:\/\/umsboats.fi\/sv\/kontakta-oss\/#primaryimage\",\"url\":\"https:\/\/umsboats.fi\/wp-content\/uploads\/2023\/06\/pexels-pixabay-270376.jpg\",\"contentUrl\":\"https:\/\/umsboats.fi\/wp-content\/uploads\/2023\/06\/pexels-pixabay-270376.jpg\",\"width\":1919,\"height\":1267},{\"@type\":\"BreadcrumbList\",\"@id\":\"http:\/\/umsboats.fi\/sv\/kontakta-oss\/#breadcrumb\",\"itemListElement\":[{\"@type\":\"ListItem\",\"position\":1,\"name\":\"Hem\",\"item\":\"https:\/\/umsboats.fi\/fi\/\"},{\"@type\":\"ListItem\",\"position\":2,\"name\":\"Kontakta oss\"}]},{\"@type\":\"WebSite\",\"@id\":\"https:\/\/umsboats.fi\/#website\",\"url\":\"https:\/\/umsboats.fi\/\",\"name\":\"UMS boats Finland\",\"description\":\"Aluminiumb\u00e5tar av h\u00f6gsta kvalitet\",\"publisher\":{\"@id\":\"https:\/\/umsboats.fi\/#organization\"},\"alternateName\":\"UMS\",\"potentialAction\":[{\"@type\":\"SearchAction\",\"target\":{\"@type\":\"EntryPoint\",\"urlTemplate\":\"https:\/\/umsboats.fi\/?s={search_term_string}\"},\"query-input\":\"required name=search_term_string\"}],\"inLanguage\":\"fi\"},{\"@type\":\"Organization\",\"@id\":\"https:\/\/umsboats.fi\/#organization\",\"name\":\"UMS Boats Finland\",\"alternateName\":\"UMS\",\"url\":\"https:\/\/umsboats.fi\/\",\"logo\":{\"@type\":\"ImageObject\",\"inLanguage\":\"fi\",\"@id\":\"https:\/\/umsboats.fi\/#\/schema\/logo\/image\/\",\"url\":\"https:\/\/umsboats.fi\/wp-content\/uploads\/2023\/06\/ums-round2.png\",\"contentUrl\":\"https:\/\/umsboats.fi\/wp-content\/uploads\/2023\/06\/ums-round2.png\",\"width\":512,\"height\":512,\"caption\":\"UMS Boats Finland\"},\"image\":{\"@id\":\"https:\/\/umsboats.fi\/#\/schema\/logo\/image\/\"},\"sameAs\":[\"https:\/\/www.facebook.com\/100089245574206\",\"https:\/\/instagram.com\/umsboatsfi\/\"]}]}<\/script>\n<!-- \/ Yoast SEO plugin. -->","yoast_head_json":{"title":"Kontakta oss | UMS boats Finland","description":"Tveka inte att kontakta oss om du har n\u00e5gra fr\u00e5gor, funderingar eller feedback ang\u00e5ende v\u00e5ra b\u00e5tar och tj\u00e4nster.","robots":{"index":"index","follow":"follow","max-snippet":"max-snippet:-1","max-image-preview":"max-image-preview:large","max-video-preview":"max-video-preview:-1"},"canonical":"https:\/\/umsboats.fi\/fi\/ota-yhteytta\/","og_locale":"fi_FI","og_type":"article","og_title":"Kontakta oss | UMS boats Finland","og_description":"Tveka inte att kontakta oss om du har n\u00e5gra fr\u00e5gor, funderingar eller feedback ang\u00e5ende v\u00e5ra b\u00e5tar och tj\u00e4nster.","og_url":"https:\/\/umsboats.fi\/fi\/ota-yhteytta\/","og_site_name":"UMS boats Finland","article_publisher":"https:\/\/www.facebook.com\/100089245574206","article_modified_time":"2023-06-12T13:31:33+00:00","og_image":[{"width":1919,"height":1267,"url":"https:\/\/umsboats.fi\/wp-content\/uploads\/2023\/06\/pexels-pixabay-270376.jpg","type":"image\/jpeg"}],"twitter_card":"summary_large_image","twitter_misc":{"Arvioitu lukuaika":"1 minuutti"},"schema":{"@context":"https:\/\/schema.org","@graph":[{"@type":"WebPage","@id":"http:\/\/umsboats.fi\/sv\/kontakta-oss\/","url":"http:\/\/umsboats.fi\/sv\/kontakta-oss\/","name":"Kontakta oss | UMS boats Finland","isPartOf":{"@id":"https:\/\/umsboats.fi\/#website"},"primaryImageOfPage":{"@id":"http:\/\/umsboats.fi\/sv\/kontakta-oss\/#primaryimage"},"image":{"@id":"http:\/\/umsboats.fi\/sv\/kontakta-oss\/#primaryimage"},"thumbnailUrl":"https:\/\/umsboats.fi\/wp-content\/uploads\/2023\/06\/pexels-pixabay-270376.jpg","datePublished":"2023-02-03T21:40:12+00:00","dateModified":"2023-06-12T13:31:33+00:00","description":"Tveka inte att kontakta oss om du har n\u00e5gra fr\u00e5gor, funderingar eller feedback ang\u00e5ende v\u00e5ra b\u00e5tar och tj\u00e4nster.","breadcrumb":{"@id":"http:\/\/umsboats.fi\/sv\/kontakta-oss\/#breadcrumb"},"inLanguage":"fi","potentialAction":[{"@type":"ReadAction","target":["http:\/\/umsboats.fi\/sv\/kontakta-oss\/"]}]},{"@type":"ImageObject","inLanguage":"fi","@id":"http:\/\/umsboats.fi\/sv\/kontakta-oss\/#primaryimage","url":"https:\/\/umsboats.fi\/wp-content\/uploads\/2023\/06\/pexels-pixabay-270376.jpg","contentUrl":"https:\/\/umsboats.fi\/wp-content\/uploads\/2023\/06\/pexels-pixabay-270376.jpg","width":1919,"height":1267},{"@type":"BreadcrumbList","@id":"http:\/\/umsboats.fi\/sv\/kontakta-oss\/#breadcrumb","itemListElement":[{"@type":"ListItem","position":1,"name":"Hem","item":"https:\/\/umsboats.fi\/fi\/"},{"@type":"ListItem","position":2,"name":"Kontakta oss"}]},{"@type":"WebSite","@id":"https:\/\/umsboats.fi\/#website","url":"https:\/\/umsboats.fi\/","name":"UMS boats Finland","description":"Aluminiumb\u00e5tar av h\u00f6gsta kvalitet","publisher":{"@id":"https:\/\/umsboats.fi\/#organization"},"alternateName":"UMS","potentialAction":[{"@type":"SearchAction","target":{"@type":"EntryPoint","urlTemplate":"https:\/\/umsboats.fi\/?s={search_term_string}"},"query-input":"required name=search_term_string"}],"inLanguage":"fi"},{"@type":"Organization","@id":"https:\/\/umsboats.fi\/#organization","name":"UMS Boats Finland","alternateName":"UMS","url":"https:\/\/umsboats.fi\/","logo":{"@type":"ImageObject","inLanguage":"fi","@id":"https:\/\/umsboats.fi\/#\/schema\/logo\/image\/","url":"https:\/\/umsboats.fi\/wp-content\/uploads\/2023\/06\/ums-round2.png","contentUrl":"https:\/\/umsboats.fi\/wp-content\/uploads\/2023\/06\/ums-round2.png","width":512,"height":512,"caption":"UMS Boats Finland"},"image":{"@id":"https:\/\/umsboats.fi\/#\/schema\/logo\/image\/"},"sameAs":["https:\/\/www.facebook.com\/100089245574206","https:\/\/instagram.com\/umsboatsfi\/"]}]}},"_links":{"self":[{"href":"https:\/\/umsboats.fi\/fi\/wp-json\/wp\/v2\/pages\/42","targetHints":{"allow":["GET"]}}],"collection":[{"href":"https:\/\/umsboats.fi\/fi\/wp-json\/wp\/v2\/pages"}],"about":[{"href":"https:\/\/umsboats.fi\/fi\/wp-json\/wp\/v2\/types\/page"}],"author":[{"embeddable":true,"href":"https:\/\/umsboats.fi\/fi\/wp-json\/wp\/v2\/users\/1"}],"replies":[{"embeddable":true,"href":"https:\/\/umsboats.fi\/fi\/wp-json\/wp\/v2\/comments?post=42"}],"version-history":[{"count":0,"href":"https:\/\/umsboats.fi\/fi\/wp-json\/wp\/v2\/pages\/42\/revisions"}],"wp:featuredmedia":[{"embeddable":true,"href":"https:\/\/umsboats.fi\/fi\/wp-json\/wp\/v2\/media\/1188"}],"wp:attachment":[{"href":"https:\/\/umsboats.fi\/fi\/wp-json\/wp\/v2\/media?parent=42"}],"curies":[{"name":"wp","href":"https:\/\/api.w.org\/{rel}","templated":true}]}}